{"id":4348,"date":"2024-11-28T17:21:15","date_gmt":"2024-11-28T17:21:15","guid":{"rendered":"https:\/\/talentgewinner.de\/?page_id=4348"},"modified":"2026-04-23T12:10:21","modified_gmt":"2026-04-23T12:10:21","slug":"kontakt","status":"publish","type":"page","link":"https:\/\/talentgewinner.de\/index.php\/kontakt\/","title":{"rendered":"KONTAKT"},"content":{"rendered":"<p>[et_pb_section fb_built=&#8220;1&#8243; custom_padding_last_edited=&#8220;on|tablet&#8220; disabled_on=&#8220;on|on|off&#8220; admin_label=&#8220;Hero&#8220; _builder_version=&#8220;4.27.4&#8243; background_color=&#8220;#000000&#8243; background_image=&#8220;https:\/\/talentgewinner.de\/wp-content\/uploads\/2023\/03\/DSC7506-scaled.jpg&#8220; custom_margin=&#8220;0px|||&#8220; custom_padding=&#8220;0px|0%|0px|0%|true|false&#8220; custom_padding_tablet=&#8220;|30px||30px||true&#8220; custom_padding_phone=&#8220;|||||true&#8220; locked=&#8220;off&#8220; global_colors_info=&#8220;{}&#8220;][et_pb_row _builder_version=&#8220;4.27.4&#8243; _module_preset=&#8220;default&#8220; module_alignment=&#8220;center&#8220; height=&#8220;722px&#8220; global_colors_info=&#8220;{}&#8220;][et_pb_column type=&#8220;4_4&#8243; _builder_version=&#8220;4.27.4&#8243; _module_preset=&#8220;default&#8220; global_colors_info=&#8220;{}&#8220;][\/et_pb_column][\/et_pb_row][\/et_pb_section][et_pb_section fb_built=&#8220;1&#8243; custom_padding_last_edited=&#8220;on|tablet&#8220; disabled_on=&#8220;off|off|on&#8220; admin_label=&#8220;Hero&#8220; _builder_version=&#8220;4.27.4&#8243; background_color=&#8220;#000000&#8243; background_image=&#8220;https:\/\/talentgewinner.de\/wp-content\/uploads\/2023\/03\/DSC7506-scaled.jpg&#8220; custom_margin=&#8220;0px|||&#8220; custom_padding=&#8220;0px|0%|0px|0%|true|false&#8220; custom_padding_tablet=&#8220;|30px||30px||true&#8220; custom_padding_phone=&#8220;|||||true&#8220; locked=&#8220;off&#8220; global_colors_info=&#8220;{}&#8220;][et_pb_row _builder_version=&#8220;4.27.4&#8243; _module_preset=&#8220;default&#8220; module_alignment=&#8220;center&#8220; height=&#8220;251px&#8220; global_colors_info=&#8220;{}&#8220;][et_pb_column type=&#8220;4_4&#8243; _builder_version=&#8220;4.27.4&#8243; _module_preset=&#8220;default&#8220; global_colors_info=&#8220;{}&#8220;][\/et_pb_column][\/et_pb_row][\/et_pb_section][et_pb_section fb_built=&#8220;1&#8243; disabled_on=&#8220;off|off|on&#8220; admin_label=&#8220;Contact Info&#8220; _builder_version=&#8220;4.27.4&#8243; background_color=&#8220;#EDF000&#8243; background_enable_image=&#8220;off&#8220; custom_padding=&#8220;0px||10vw|&#8220; box_shadow_style=&#8220;preset7&#8243; box_shadow_horizontal=&#8220;0px&#8220; box_shadow_vertical=&#8220;100px&#8220; box_shadow_color=&#8220;#ffffff&#8220; global_colors_info=&#8220;{}&#8220;][et_pb_row column_structure=&#8220;1_2,1_2&#8243; padding_left_right_link_1=&#8220;true&#8220; _builder_version=&#8220;4.27.4&#8243; custom_padding=&#8220;0px||0px||true&#8220; animation_style=&#8220;slide&#8220; animation_direction=&#8220;bottom&#8220; animation_intensity_slide=&#8220;2%&#8220; global_colors_info=&#8220;{}&#8220;][et_pb_column type=&#8220;1_2&#8243; _builder_version=&#8220;4.27.4&#8243; custom_padding=&#8220;60px|5%|180px|5%&#8220; custom_padding_tablet=&#8220;|10%||10%||true&#8220; custom_padding_phone=&#8220;|10%||10%||true&#8220; custom_padding_last_edited=&#8220;on|tablet&#8220; global_colors_info=&#8220;{}&#8220; padding_tablet=&#8220;|10%||10%||true&#8220; padding_last_edited=&#8220;on|tablet&#8220; custom_padding__hover=&#8220;|||&#8220; padding_phone=&#8220;|10%||10%||true&#8220;][et_pb_text _builder_version=&#8220;4.27.4&#8243; _module_preset=&#8220;default&#8220; text_text_color=&#8220;#000000&#8243; header_font=&#8220;|700|||||||&#8220; header_font_size=&#8220;27px&#8220; global_colors_info=&#8220;{}&#8220;]<\/p>\n<h1>IHRE KONTAKTDATEN<\/h1>\n<p>im Anschluss werden Sie an meinen pers\u00f6nlichen Kalender weitergeleitet, wo Sie sich einen Termin direkt reservieren k\u00f6nnen.<\/p>\n<p>[\/et_pb_text][et_pb_code _builder_version=&#8220;4.27.4&#8243; _module_preset=&#8220;default&#8220; global_colors_info=&#8220;{}&#8220;]<script charset=\"utf-8\" type=\"text\/javascript\" src=\"\/\/js.hsforms.net\/forms\/embed\/v2.js\"><\/script><!-- [et_pb_line_break_holder] --><script><!-- [et_pb_line_break_holder] -->  hbspt.forms.create({<!-- [et_pb_line_break_holder] -->    portalId: \"19601438\",<!-- [et_pb_line_break_holder] -->    formId: \"78a012f9-dda9-4cec-aa71-8f22ef416c09\",<!-- [et_pb_line_break_holder] -->    region: \"na1\"<!-- [et_pb_line_break_holder] -->  });<!-- [et_pb_line_break_holder] --><\/script>[\/et_pb_code][\/et_pb_column][et_pb_column type=&#8220;1_2&#8243; _builder_version=&#8220;4.27.4&#8243; background_color=&#8220;#E02B20&#8243; custom_padding=&#8220;180px|||&#8220; custom_padding_tablet=&#8220;0px|||&#8220; custom_padding_phone=&#8220;0px|||&#8220; custom_padding_last_edited=&#8220;on|desktop&#8220; global_colors_info=&#8220;{}&#8220; padding_tablet=&#8220;0px|||&#8220; padding_last_edited=&#8220;on|desktop&#8220; custom_padding__hover=&#8220;|||&#8220; padding_phone=&#8220;0px|||&#8220;][et_pb_blurb title=&#8220;OFFICE&#8220; use_icon=&#8220;on&#8220; font_icon=&#8220;&#xe081;||divi||400&#8243; icon_color=&#8220;#ffffff&#8220; icon_placement=&#8220;left&#8220; image_icon_width=&#8220;28px&#8220; _builder_version=&#8220;4.27.4&#8243; header_font=&#8220;|700|||||||&#8220; header_font_size=&#8220;28px&#8220; header_line_height=&#8220;1.2em&#8220; body_font=&#8220;||||||||&#8220; body_font_size=&#8220;18px&#8220; body_line_height=&#8220;1.8em&#8220; background_layout=&#8220;dark&#8220; custom_margin=&#8220;40px||40px||false|&#8220; custom_padding=&#8220;|31px||31px||true&#8220; animation_style=&#8220;zoom&#8220; animation_direction=&#8220;left&#8220; animation_intensity_zoom=&#8220;12%&#8220; icon_font_size=&#8220;28px&#8220; global_colors_info=&#8220;{}&#8220;]<\/p>\n<p>Rieneckstr. 11<br \/>97947 Gr\u00fcnsfeld<br \/>Deutschland<\/p>\n<p>[\/et_pb_blurb][et_pb_blurb title=&#8220;Telefon&#8220; use_icon=&#8220;on&#8220; font_icon=&#8220;&#xe090;||divi||400&#8243; icon_color=&#8220;#ffffff&#8220; icon_placement=&#8220;left&#8220; image_icon_width=&#8220;28px&#8220; _builder_version=&#8220;4.27.4&#8243; header_font=&#8220;|500|||||||&#8220; header_font_size=&#8220;28px&#8220; header_line_height=&#8220;1.2em&#8220; body_font=&#8220;||||||||&#8220; body_font_size=&#8220;18px&#8220; body_line_height=&#8220;1.8em&#8220; background_layout=&#8220;dark&#8220; custom_padding=&#8220;|31px||31px||true&#8220; animation_style=&#8220;zoom&#8220; animation_direction=&#8220;left&#8220; animation_delay=&#8220;100ms&#8220; animation_intensity_zoom=&#8220;12%&#8220; hover_enabled=&#8220;0&#8243; icon_font_size=&#8220;28px&#8220; global_colors_info=&#8220;{}&#8220; sticky_enabled=&#8220;0&#8243;]<\/p>\n<p>+49 9346 9285211<br \/>+49 160 2346784<\/p>\n<p>[\/et_pb_blurb][et_pb_blurb title=&#8220;E-Mail&#8220; use_icon=&#8220;on&#8220; font_icon=&#8220;&#xe076;||divi||400&#8243; icon_color=&#8220;#ffffff&#8220; icon_placement=&#8220;left&#8220; image_icon_width=&#8220;28px&#8220; _builder_version=&#8220;4.27.4&#8243; header_font=&#8220;|500|||||||&#8220; header_font_size=&#8220;28px&#8220; header_line_height=&#8220;1.2em&#8220; body_font=&#8220;||||||||&#8220; body_font_size=&#8220;18px&#8220; body_line_height=&#8220;1.8em&#8220; background_layout=&#8220;dark&#8220; custom_padding=&#8220;|30px||30px||true&#8220; animation_style=&#8220;zoom&#8220; animation_direction=&#8220;left&#8220; animation_delay=&#8220;200ms&#8220; animation_intensity_zoom=&#8220;12%&#8220; icon_font_size=&#8220;28px&#8220; global_colors_info=&#8220;{}&#8220;]<\/p>\n<p><span style=\"color: #ffffff;\"><a href=\"mailto:info@talentgewinner.de\" style=\"color: #ffffff;\">info@talentgewinner.de<\/a><\/span><\/p>\n<p>[\/et_pb_blurb][et_pb_blurb title=&#8220;\u00d6ffnungszeiten&#8220; use_icon=&#8220;on&#8220; font_icon=&#8220;&#xe06b;||divi||400&#8243; icon_color=&#8220;#ffffff&#8220; icon_placement=&#8220;left&#8220; image_icon_width=&#8220;28px&#8220; _builder_version=&#8220;4.27.4&#8243; header_font=&#8220;|500|||||||&#8220; header_font_size=&#8220;28px&#8220; header_line_height=&#8220;1.2em&#8220; body_font=&#8220;||||||||&#8220; body_font_size=&#8220;18px&#8220; body_line_height=&#8220;1.8em&#8220; background_layout=&#8220;dark&#8220; custom_margin=&#8220;||27px|||&#8220; custom_padding=&#8220;|30px||30px||true&#8220; animation_style=&#8220;zoom&#8220; animation_direction=&#8220;left&#8220; animation_delay=&#8220;300ms&#8220; animation_intensity_zoom=&#8220;12%&#8220; icon_font_size=&#8220;28px&#8220; global_colors_info=&#8220;{}&#8220;]<\/p>\n<p>Montag &#8211; Freitag: <br \/>10:00 Uhr &#8211; 17:00 Uhr\u00a0<\/p>\n<p>[\/et_pb_blurb][\/et_pb_column][\/et_pb_row][\/et_pb_section][et_pb_section fb_built=&#8220;1&#8243; disabled_on=&#8220;on|on|off&#8220; admin_label=&#8220;Contact Info&#8220; _builder_version=&#8220;4.27.4&#8243; background_color=&#8220;#EDF000&#8243; background_enable_image=&#8220;off&#8220; custom_padding=&#8220;0px||10vw|&#8220; box_shadow_style=&#8220;preset7&#8243; box_shadow_horizontal=&#8220;0px&#8220; box_shadow_vertical=&#8220;100px&#8220; box_shadow_color=&#8220;#ffffff&#8220; global_colors_info=&#8220;{}&#8220;][et_pb_row column_structure=&#8220;1_2,1_2&#8243; padding_left_right_link_1=&#8220;true&#8220; _builder_version=&#8220;4.16&#8243; custom_padding=&#8220;0px||0px||true&#8220; animation_style=&#8220;slide&#8220; animation_direction=&#8220;bottom&#8220; animation_intensity_slide=&#8220;2%&#8220; global_colors_info=&#8220;{}&#8220;][et_pb_column type=&#8220;1_2&#8243; _builder_version=&#8220;4.16&#8243; use_background_color_gradient=&#8220;on&#8220; background_color_gradient_direction=&#8220;190deg&#8220; background_color_gradient_stops=&#8220;#c10f1b 85%|rgba(255,255,255,0) 85%&#8220; background_color_gradient_start=&#8220;#c10f1b&#8220; background_color_gradient_start_position=&#8220;85%&#8220; background_color_gradient_end=&#8220;rgba(255,255,255,0)&#8220; background_color_gradient_end_position=&#8220;0%&#8220; custom_padding=&#8220;60px|5%|180px|5%&#8220; custom_padding_tablet=&#8220;|10%||10%||true&#8220; custom_padding_phone=&#8220;|10%||10%||true&#8220; custom_padding_last_edited=&#8220;on|tablet&#8220; global_colors_info=&#8220;{}&#8220; padding_tablet=&#8220;|10%||10%||true&#8220; padding_last_edited=&#8220;on|tablet&#8220; custom_padding__hover=&#8220;|||&#8220; padding_phone=&#8220;|10%||10%||true&#8220;][et_pb_blurb title=&#8220;OFFICE&#8220; use_icon=&#8220;on&#8220; font_icon=&#8220;&#xe081;||divi||400&#8243; icon_color=&#8220;#ffffff&#8220; icon_placement=&#8220;left&#8220; image_icon_width=&#8220;28px&#8220; _builder_version=&#8220;4.27.4&#8243; header_font=&#8220;|700|||||||&#8220; header_font_size=&#8220;28px&#8220; header_line_height=&#8220;1.2em&#8220; body_font=&#8220;||||||||&#8220; body_font_size=&#8220;18px&#8220; body_line_height=&#8220;1.8em&#8220; background_layout=&#8220;dark&#8220; animation_style=&#8220;zoom&#8220; animation_direction=&#8220;left&#8220; animation_intensity_zoom=&#8220;12%&#8220; icon_font_size=&#8220;28px&#8220; global_colors_info=&#8220;{}&#8220;]<\/p>\n<p>Rieneckstr. 11<br \/>97947 Gr\u00fcnsfeld<br \/>Deutschland<\/p>\n<p>[\/et_pb_blurb][et_pb_blurb title=&#8220;Telefon&#8220; use_icon=&#8220;on&#8220; font_icon=&#8220;&#xe090;||divi||400&#8243; icon_color=&#8220;#ffffff&#8220; icon_placement=&#8220;left&#8220; image_icon_width=&#8220;28px&#8220; _builder_version=&#8220;4.27.4&#8243; header_font=&#8220;|500|||||||&#8220; header_font_size=&#8220;28px&#8220; header_line_height=&#8220;1.2em&#8220; body_font=&#8220;||||||||&#8220; body_font_size=&#8220;18px&#8220; body_line_height=&#8220;1.8em&#8220; background_layout=&#8220;dark&#8220; animation_style=&#8220;zoom&#8220; animation_direction=&#8220;left&#8220; animation_delay=&#8220;100ms&#8220; animation_intensity_zoom=&#8220;12%&#8220; hover_enabled=&#8220;0&#8243; icon_font_size=&#8220;28px&#8220; global_colors_info=&#8220;{}&#8220; sticky_enabled=&#8220;0&#8243;]<\/p>\n<p>+49 9346 9285211<br \/>+49 160 2346784<\/p>\n<p>[\/et_pb_blurb][et_pb_blurb title=&#8220;E-Mail&#8220; use_icon=&#8220;on&#8220; font_icon=&#8220;&#xe076;||divi||400&#8243; icon_color=&#8220;#ffffff&#8220; icon_placement=&#8220;left&#8220; image_icon_width=&#8220;28px&#8220; _builder_version=&#8220;4.27.4&#8243; header_font=&#8220;|500|||||||&#8220; header_font_size=&#8220;28px&#8220; header_line_height=&#8220;1.2em&#8220; body_font=&#8220;||||||||&#8220; body_font_size=&#8220;18px&#8220; body_line_height=&#8220;1.8em&#8220; background_layout=&#8220;dark&#8220; animation_style=&#8220;zoom&#8220; animation_direction=&#8220;left&#8220; animation_delay=&#8220;200ms&#8220; animation_intensity_zoom=&#8220;12%&#8220; icon_font_size=&#8220;28px&#8220; global_colors_info=&#8220;{}&#8220;]<\/p>\n<p><span style=\"color: #ffffff;\"><a href=\"mailto:info@talentgewinner.de\" style=\"color: #ffffff;\">info@talentgewinner.de<\/a><\/span><\/p>\n<p>[\/et_pb_blurb][et_pb_blurb title=&#8220;\u00d6ffnungszeiten&#8220; use_icon=&#8220;on&#8220; font_icon=&#8220;&#xe06b;||divi||400&#8243; icon_color=&#8220;#ffffff&#8220; icon_placement=&#8220;left&#8220; image_icon_width=&#8220;28px&#8220; _builder_version=&#8220;4.27.4&#8243; header_font=&#8220;|500|||||||&#8220; header_font_size=&#8220;28px&#8220; header_line_height=&#8220;1.2em&#8220; body_font=&#8220;||||||||&#8220; body_font_size=&#8220;18px&#8220; body_line_height=&#8220;1.8em&#8220; background_layout=&#8220;dark&#8220; animation_style=&#8220;zoom&#8220; animation_direction=&#8220;left&#8220; animation_delay=&#8220;300ms&#8220; animation_intensity_zoom=&#8220;12%&#8220; icon_font_size=&#8220;28px&#8220; global_colors_info=&#8220;{}&#8220;]<\/p>\n<p>Montag &#8211; Freitag: 10:00 Uhr &#8211; 17:00 Uhr\u00a0<\/p>\n<p>[\/et_pb_blurb][\/et_pb_column][et_pb_column type=&#8220;1_2&#8243; _builder_version=&#8220;4.16&#8243; custom_padding=&#8220;180px|||&#8220; custom_padding_tablet=&#8220;0px|||&#8220; custom_padding_phone=&#8220;0px|||&#8220; custom_padding_last_edited=&#8220;on|desktop&#8220; global_colors_info=&#8220;{}&#8220; padding_tablet=&#8220;0px|||&#8220; padding_last_edited=&#8220;on|desktop&#8220; custom_padding__hover=&#8220;|||&#8220; padding_phone=&#8220;0px|||&#8220;][et_pb_text _builder_version=&#8220;4.27.4&#8243; _module_preset=&#8220;default&#8220; text_text_color=&#8220;#000000&#8243; header_font=&#8220;|700|||||||&#8220; global_colors_info=&#8220;{}&#8220;]<\/p>\n<h1>IHRE KONTAKTDATEN<\/h1>\n<p>im Anschluss werden Sie an meinen pers\u00f6nlichen Kalender weitergeleitet, wo Sie sich einen Termin direkt reservieren k\u00f6nnen.<\/p>\n<p>[\/et_pb_text][et_pb_code _builder_version=&#8220;4.27.4&#8243; _module_preset=&#8220;default&#8220; global_colors_info=&#8220;{}&#8220;]<script charset=\"utf-8\" type=\"text\/javascript\" src=\"\/\/js.hsforms.net\/forms\/embed\/v2.js\"><\/script><!-- [et_pb_line_break_holder] --><script><!-- [et_pb_line_break_holder] -->  hbspt.forms.create({<!-- [et_pb_line_break_holder] -->    portalId: \"19601438\",<!-- [et_pb_line_break_holder] -->    formId: \"78a012f9-dda9-4cec-aa71-8f22ef416c09\",<!-- [et_pb_line_break_holder] -->    region: \"na1\"<!-- [et_pb_line_break_holder] -->  });<!-- [et_pb_line_break_holder] --><\/script>[\/et_pb_code][\/et_pb_column][\/et_pb_row][\/et_pb_section]<\/p>\n","protected":false},"excerpt":{"rendered":"<p>IHRE KONTAKTDATEN im Anschluss werden Sie an meinen pers\u00f6nlichen Kalender weitergeleitet, wo Sie sich einen Termin direkt reservieren k\u00f6nnen.Rieneckstr. 1197947 Gr\u00fcnsfeldDeutschland+49 9346 9285211+49 160 2346784info@talentgewinner.deMontag &#8211; Freitag: 10:00 Uhr &#8211; 17:00 Uhr\u00a0Rieneckstr. 1197947 Gr\u00fcnsfeldDeutschland+49 9346 9285211+49 160 2346784info@talentgewinner.deMontag &#8211; Freitag: 10:00 Uhr &#8211; 17:00 Uhr\u00a0IHRE KONTAKTDATEN im Anschluss werden Sie an meinen pers\u00f6nlichen Kalender weitergeleitet, [&hellip;]<\/p>\n","protected":false},"author":1,"featured_media":0,"parent":0,"menu_order":0,"comment_status":"closed","ping_status":"closed","template":"","meta":{"_et_pb_use_builder":"on","_et_pb_old_content":"<!-- wp:divi\/placeholder \/-->","_et_gb_content_width":"","content-type":"","footnotes":""},"class_list":["post-4348","page","type-page","status-publish","hentry"],"yoast_head":"<!-- This site is optimized with the Yoast SEO Premium plugin v23.9 (Yoast SEO v27.6) - https:\/\/yoast.com\/product\/yoast-seo-premium-wordpress\/ -->\n<title>KONTAKT - Thomas J. Rapp \u2013 Erfolgsfaktor Mensch | Talentgewinner<\/title>\n<meta name=\"robots\" content=\"index, follow, max-snippet:-1, max-image-preview:large, max-video-preview:-1\" \/>\n<link rel=\"canonical\" href=\"https:\/\/talentgewinner.de\/index.php\/kontakt\/\" \/>\n<meta property=\"og:locale\" content=\"de_DE\" \/>\n<meta property=\"og:type\" content=\"article\" \/>\n<meta property=\"og:title\" content=\"KONTAKT\" \/>\n<meta property=\"og:description\" content=\"IHRE KONTAKTDATEN im Anschluss werden Sie an meinen pers\u00f6nlichen Kalender weitergeleitet, wo Sie sich einen Termin direkt reservieren k\u00f6nnen.Rieneckstr. 1197947 Gr\u00fcnsfeldDeutschland+49 9346 9285211+49 160 2346784info@talentgewinner.deMontag - Freitag: 10:00 Uhr - 17:00 Uhr\u00a0Rieneckstr. 1197947 Gr\u00fcnsfeldDeutschland+49 9346 9285211+49 160 2346784info@talentgewinner.deMontag - Freitag: 10:00 Uhr - 17:00 Uhr\u00a0IHRE KONTAKTDATEN im Anschluss werden Sie an meinen pers\u00f6nlichen Kalender weitergeleitet, [&hellip;]\" \/>\n<meta property=\"og:url\" content=\"https:\/\/talentgewinner.de\/index.php\/kontakt\/\" \/>\n<meta property=\"og:site_name\" content=\"Thomas J. Rapp \u2013 Erfolgsfaktor Mensch | Talentgewinner\" \/>\n<meta property=\"article:publisher\" content=\"https:\/\/www.facebook.com\/talentswon\" \/>\n<meta property=\"article:modified_time\" content=\"2026-04-23T12:10:21+00:00\" \/>\n<meta property=\"og:image\" content=\"https:\/\/talentgewinner.de\/wp-content\/uploads\/2023\/03\/001-Wir-verbinden-Menschen-Unternehmen-1024x1024-1.jpeg\" \/>\n\t<meta property=\"og:image:width\" content=\"1024\" \/>\n\t<meta property=\"og:image:height\" content=\"1024\" \/>\n\t<meta property=\"og:image:type\" content=\"image\/jpeg\" \/>\n<meta name=\"twitter:card\" content=\"summary_large_image\" \/>\n<script type=\"application\/ld+json\" class=\"yoast-schema-graph\">{\"@context\":\"https:\\\/\\\/schema.org\",\"@graph\":[{\"@type\":\"WebPage\",\"@id\":\"https:\\\/\\\/talentgewinner.de\\\/index.php\\\/kontakt\\\/\",\"url\":\"https:\\\/\\\/talentgewinner.de\\\/index.php\\\/kontakt\\\/\",\"name\":\"KONTAKT - Thomas J. Rapp \u2013 Erfolgsfaktor Mensch | Talentgewinner\",\"isPartOf\":{\"@id\":\"https:\\\/\\\/talentgewinner.de\\\/#website\"},\"datePublished\":\"2024-11-28T17:21:15+00:00\",\"dateModified\":\"2026-04-23T12:10:21+00:00\",\"breadcrumb\":{\"@id\":\"https:\\\/\\\/talentgewinner.de\\\/index.php\\\/kontakt\\\/#breadcrumb\"},\"inLanguage\":\"de\",\"potentialAction\":[{\"@type\":\"ReadAction\",\"target\":[\"https:\\\/\\\/talentgewinner.de\\\/index.php\\\/kontakt\\\/\"]}]},{\"@type\":\"BreadcrumbList\",\"@id\":\"https:\\\/\\\/talentgewinner.de\\\/index.php\\\/kontakt\\\/#breadcrumb\",\"itemListElement\":[{\"@type\":\"ListItem\",\"position\":1,\"name\":\"Home\",\"item\":\"https:\\\/\\\/talentgewinner.de\\\/\"},{\"@type\":\"ListItem\",\"position\":2,\"name\":\"KONTAKT\"}]},{\"@type\":\"WebSite\",\"@id\":\"https:\\\/\\\/talentgewinner.de\\\/#website\",\"url\":\"https:\\\/\\\/talentgewinner.de\\\/\",\"name\":\"Thomas J. Rapp Talentgewinner - Wir verbinden Menschen und Unternehmen\",\"description\":\"Eine Talentgewinner Seite\",\"publisher\":{\"@id\":\"https:\\\/\\\/talentgewinner.de\\\/#organization\"},\"alternateName\":\"Talentgewinner\",\"potentialAction\":[{\"@type\":\"SearchAction\",\"target\":{\"@type\":\"EntryPoint\",\"urlTemplate\":\"https:\\\/\\\/talentgewinner.de\\\/?s={search_term_string}\"},\"query-input\":{\"@type\":\"PropertyValueSpecification\",\"valueRequired\":true,\"valueName\":\"search_term_string\"}}],\"inLanguage\":\"de\"},{\"@type\":\"Organization\",\"@id\":\"https:\\\/\\\/talentgewinner.de\\\/#organization\",\"name\":\"Thomas J. Rapp Talentgewinner\",\"alternateName\":\"Talentgewinner\",\"url\":\"https:\\\/\\\/talentgewinner.de\\\/\",\"logo\":{\"@type\":\"ImageObject\",\"inLanguage\":\"de\",\"@id\":\"https:\\\/\\\/talentgewinner.de\\\/#\\\/schema\\\/logo\\\/image\\\/\",\"url\":\"https:\\\/\\\/talentgewinner.de\\\/wp-content\\\/uploads\\\/2023\\\/03\\\/logo_fav_icon_talentgewinner.png\",\"contentUrl\":\"https:\\\/\\\/talentgewinner.de\\\/wp-content\\\/uploads\\\/2023\\\/03\\\/logo_fav_icon_talentgewinner.png\",\"width\":208,\"height\":208,\"caption\":\"Thomas J. Rapp Talentgewinner\"},\"image\":{\"@id\":\"https:\\\/\\\/talentgewinner.de\\\/#\\\/schema\\\/logo\\\/image\\\/\"},\"sameAs\":[\"https:\\\/\\\/www.facebook.com\\\/talentswon\",\"https:\\\/\\\/www.instagram.com\\\/talentgewinner\\\/\",\"https:\\\/\\\/www.linkedin.com\\\/in\\\/talentgewinner\\\/\"],\"description\":\"Thomas J. Rapp Talentgewinner\u00ae verbindet als Social Recruiting Partner zielgruppendefinierte potenzielle Bewerber \u00fcber das Internet und die sozialen Netzwerke mit Ihrem Unternehmen. Durch Qualifizierung der Bewerber in pers\u00f6nlichen Gespr\u00e4chen und der AECdisc\u00ae Potenzialanalyse, sprechen Sie nur mit den BESTEN Bewerbern.\",\"email\":\"info@talentgewinner.de\",\"telephone\":\"+49 9346 9593930\",\"legalName\":\"Thomas J. Rapp Talentgewinner\u00ae\",\"foundingDate\":\"2015-07-01\",\"vatID\":\"DE302100689\",\"numberOfEmployees\":{\"@type\":\"QuantitativeValue\",\"minValue\":\"1\",\"maxValue\":\"10\"}}]}<\/script>\n<!-- \/ Yoast SEO Premium plugin. -->","yoast_head_json":{"title":"KONTAKT - Thomas J. Rapp \u2013 Erfolgsfaktor Mensch | Talentgewinner","robots":{"index":"index","follow":"follow","max-snippet":"max-snippet:-1","max-image-preview":"max-image-preview:large","max-video-preview":"max-video-preview:-1"},"canonical":"https:\/\/talentgewinner.de\/index.php\/kontakt\/","og_locale":"de_DE","og_type":"article","og_title":"KONTAKT","og_description":"IHRE KONTAKTDATEN im Anschluss werden Sie an meinen pers\u00f6nlichen Kalender weitergeleitet, wo Sie sich einen Termin direkt reservieren k\u00f6nnen.Rieneckstr. 1197947 Gr\u00fcnsfeldDeutschland+49 9346 9285211+49 160 2346784info@talentgewinner.deMontag - Freitag: 10:00 Uhr - 17:00 Uhr\u00a0Rieneckstr. 1197947 Gr\u00fcnsfeldDeutschland+49 9346 9285211+49 160 2346784info@talentgewinner.deMontag - Freitag: 10:00 Uhr - 17:00 Uhr\u00a0IHRE KONTAKTDATEN im Anschluss werden Sie an meinen pers\u00f6nlichen Kalender weitergeleitet, [&hellip;]","og_url":"https:\/\/talentgewinner.de\/index.php\/kontakt\/","og_site_name":"Thomas J. Rapp \u2013 Erfolgsfaktor Mensch | Talentgewinner","article_publisher":"https:\/\/www.facebook.com\/talentswon","article_modified_time":"2026-04-23T12:10:21+00:00","og_image":[{"width":1024,"height":1024,"url":"https:\/\/talentgewinner.de\/wp-content\/uploads\/2023\/03\/001-Wir-verbinden-Menschen-Unternehmen-1024x1024-1.jpeg","type":"image\/jpeg"}],"twitter_card":"summary_large_image","schema":{"@context":"https:\/\/schema.org","@graph":[{"@type":"WebPage","@id":"https:\/\/talentgewinner.de\/index.php\/kontakt\/","url":"https:\/\/talentgewinner.de\/index.php\/kontakt\/","name":"KONTAKT - Thomas J. Rapp \u2013 Erfolgsfaktor Mensch | Talentgewinner","isPartOf":{"@id":"https:\/\/talentgewinner.de\/#website"},"datePublished":"2024-11-28T17:21:15+00:00","dateModified":"2026-04-23T12:10:21+00:00","breadcrumb":{"@id":"https:\/\/talentgewinner.de\/index.php\/kontakt\/#breadcrumb"},"inLanguage":"de","potentialAction":[{"@type":"ReadAction","target":["https:\/\/talentgewinner.de\/index.php\/kontakt\/"]}]},{"@type":"BreadcrumbList","@id":"https:\/\/talentgewinner.de\/index.php\/kontakt\/#breadcrumb","itemListElement":[{"@type":"ListItem","position":1,"name":"Home","item":"https:\/\/talentgewinner.de\/"},{"@type":"ListItem","position":2,"name":"KONTAKT"}]},{"@type":"WebSite","@id":"https:\/\/talentgewinner.de\/#website","url":"https:\/\/talentgewinner.de\/","name":"Thomas J. Rapp Talentgewinner - Wir verbinden Menschen und Unternehmen","description":"Eine Talentgewinner Seite","publisher":{"@id":"https:\/\/talentgewinner.de\/#organization"},"alternateName":"Talentgewinner","potentialAction":[{"@type":"SearchAction","target":{"@type":"EntryPoint","urlTemplate":"https:\/\/talentgewinner.de\/?s={search_term_string}"},"query-input":{"@type":"PropertyValueSpecification","valueRequired":true,"valueName":"search_term_string"}}],"inLanguage":"de"},{"@type":"Organization","@id":"https:\/\/talentgewinner.de\/#organization","name":"Thomas J. Rapp Talentgewinner","alternateName":"Talentgewinner","url":"https:\/\/talentgewinner.de\/","logo":{"@type":"ImageObject","inLanguage":"de","@id":"https:\/\/talentgewinner.de\/#\/schema\/logo\/image\/","url":"https:\/\/talentgewinner.de\/wp-content\/uploads\/2023\/03\/logo_fav_icon_talentgewinner.png","contentUrl":"https:\/\/talentgewinner.de\/wp-content\/uploads\/2023\/03\/logo_fav_icon_talentgewinner.png","width":208,"height":208,"caption":"Thomas J. Rapp Talentgewinner"},"image":{"@id":"https:\/\/talentgewinner.de\/#\/schema\/logo\/image\/"},"sameAs":["https:\/\/www.facebook.com\/talentswon","https:\/\/www.instagram.com\/talentgewinner\/","https:\/\/www.linkedin.com\/in\/talentgewinner\/"],"description":"Thomas J. Rapp Talentgewinner\u00ae verbindet als Social Recruiting Partner zielgruppendefinierte potenzielle Bewerber \u00fcber das Internet und die sozialen Netzwerke mit Ihrem Unternehmen. Durch Qualifizierung der Bewerber in pers\u00f6nlichen Gespr\u00e4chen und der AECdisc\u00ae Potenzialanalyse, sprechen Sie nur mit den BESTEN Bewerbern.","email":"info@talentgewinner.de","telephone":"+49 9346 9593930","legalName":"Thomas J. Rapp Talentgewinner\u00ae","foundingDate":"2015-07-01","vatID":"DE302100689","numberOfEmployees":{"@type":"QuantitativeValue","minValue":"1","maxValue":"10"}}]}},"_links":{"self":[{"href":"https:\/\/talentgewinner.de\/index.php\/wp-json\/wp\/v2\/pages\/4348","targetHints":{"allow":["GET"]}}],"collection":[{"href":"https:\/\/talentgewinner.de\/index.php\/wp-json\/wp\/v2\/pages"}],"about":[{"href":"https:\/\/talentgewinner.de\/index.php\/wp-json\/wp\/v2\/types\/page"}],"author":[{"embeddable":true,"href":"https:\/\/talentgewinner.de\/index.php\/wp-json\/wp\/v2\/users\/1"}],"replies":[{"embeddable":true,"href":"https:\/\/talentgewinner.de\/index.php\/wp-json\/wp\/v2\/comments?post=4348"}],"version-history":[{"count":19,"href":"https:\/\/talentgewinner.de\/index.php\/wp-json\/wp\/v2\/pages\/4348\/revisions"}],"predecessor-version":[{"id":4622,"href":"https:\/\/talentgewinner.de\/index.php\/wp-json\/wp\/v2\/pages\/4348\/revisions\/4622"}],"wp:attachment":[{"href":"https:\/\/talentgewinner.de\/index.php\/wp-json\/wp\/v2\/media?parent=4348"}],"curies":[{"name":"wp","href":"https:\/\/api.w.org\/{rel}","templated":true}]}}